{"id":1355,"date":"2026-04-20T14:58:40","date_gmt":"2026-04-20T17:58:40","guid":{"rendered":"https:\/\/testing.waikenilw.com\/?page_id=1355"},"modified":"2026-04-20T19:34:55","modified_gmt":"2026-04-20T22:34:55","slug":"telefonia","status":"publish","type":"page","link":"https:\/\/testing.waikenilw.com\/index.php\/telefonia\/","title":{"rendered":"Telefon\u00eda"},"content":{"rendered":"<section class=\"ott-scope es-ar\" aria-labelledby=\"ott-title\">\n<div class=\"ott-banner\" role=\"banner\" aria-label=\"Secci\u00f3n Streaming OTT\">\n<div class=\"container-fluid container-lg px-5\">\n<div class=\"ott-banner-title\"><span class=\"ott-badge\" aria-hidden=\"true\">\n<img decoding=\"async\" src=\"\/wp-content\/uploads\/2026\/04\/telefonia.png\" alt=\"Icono de transmisi\u00f3n\" width=\"40\" height=\"40\" \/>\n<\/span>\n<h2 id=\"ott-title\" class=\"ott-title\">Telefon\u00eda<\/h2>\n<\/div>\n<\/div>\n<\/div>\n<div class=\"container-fluid container-lg p-0\" data-aos=\"fade-up\">\n<article class=\"ott-card\" aria-label=\"SKY M\u00f3vel\">\n<div class=\"ott-grid\" style=\"padding: 32px 32px 32px;\">\n<div class=\"ott-col ott-col--text\">\n<div class=\"ott-logos\" aria-label=\"Logos de marcas\"><a class=\"ott-logo-link\" title=\"Abrir sitio de Sky M\u00f3vel\" href=\"#\" target=\"_blank\" rel=\"noopener\">\n<img decoding=\"async\" src=\"\/wp-content\/uploads\/2026\/04\/Capa_1-25.png\" alt=\"Sky Movel\" width=\"140\" height=\"auto\" \/><\/a><\/div>\n<p class=\"ott-text pt-4 text-center text-lg-start\"><b>Servicio de telefon\u00eda m\u00f3vil con cobertura en todo Brasil<\/b> mediante tecnolog\u00eda 4G\/5G, ofreciendo Triple Play, integrando TV, streaming, internet y tambi\u00e9n m\u00f3vil<\/p>\n\n<\/div>\n<div class=\"ott-col ott-col--media\">\n<div class=\"ott-devices-wrap\"><img fetchpriority=\"high\" decoding=\"async\" class=\"ott-devices aligncenter\" src=\"\/wp-content\/uploads\/2026\/04\/sky1.png\" alt=\"Contenido disponible en TV, laptop, tablet y m\u00f3vil\" width=\"899\" height=\"898\" \/><\/div>\n<\/div>\n<\/div>\n<div class=\"ott-links-outer\">\n<div class=\"ott-links-bar\" role=\"contentinfo\" aria-label=\"Sitios oficiales\"><img decoding=\"async\" src=\"\/wp-content\/uploads\/2025\/10\/streamingOTT-internet.png\" alt=\"\" aria-hidden=\"true\" \/>\n<div class=\"ott-links-wrap\"><a class=\"ott-link\" title=\"Abrir sitio de DIRECTV GO\" href=\"#\" target=\"_blank\" rel=\"noopener\">sky movel<\/a>\n<span class=\"ott-sep d-none d-lg-block\" aria-hidden=\"true\"><\/div>\n<\/div>\n<\/div>\n<\/article><\/div>\n<\/section>","protected":false},"excerpt":{"rendered":"Telefon\u00eda Servicio de telefon\u00eda m\u00f3vil con cobertura en todo Brasil mediante tecnolog\u00eda 4G\/5G, ofreciendo Triple Play, integrando TV, streaming, internet y tambi\u00e9n m\u00f3vil sky movel","protected":false},"author":2,"featured_media":0,"parent":0,"menu_order":0,"comment_status":"closed","ping_status":"closed","template":"","meta":{"_acf_changed":false,"footnotes":""},"class_list":["post-1355","page","type-page","status-publish","hentry"],"acf":[],"_links":{"self":[{"href":"https:\/\/testing.waikenilw.com\/index.php\/wp-json\/wp\/v2\/pages\/1355","targetHints":{"allow":["GET"]}}],"collection":[{"href":"https:\/\/testing.waikenilw.com\/index.php\/wp-json\/wp\/v2\/pages"}],"about":[{"href":"https:\/\/testing.waikenilw.com\/index.php\/wp-json\/wp\/v2\/types\/page"}],"author":[{"embeddable":true,"href":"https:\/\/testing.waikenilw.com\/index.php\/wp-json\/wp\/v2\/users\/2"}],"replies":[{"embeddable":true,"href":"https:\/\/testing.waikenilw.com\/index.php\/wp-json\/wp\/v2\/comments?post=1355"}],"version-history":[{"count":13,"href":"https:\/\/testing.waikenilw.com\/index.php\/wp-json\/wp\/v2\/pages\/1355\/revisions"}],"predecessor-version":[{"id":1480,"href":"https:\/\/testing.waikenilw.com\/index.php\/wp-json\/wp\/v2\/pages\/1355\/revisions\/1480"}],"wp:attachment":[{"href":"https:\/\/testing.waikenilw.com\/index.php\/wp-json\/wp\/v2\/media?parent=1355"}],"curies":[{"name":"wp","href":"https:\/\/api.w.org\/{rel}","templated":true}]}}