{"id":1463,"date":"2026-04-27T14:36:39","date_gmt":"2026-04-27T17:36:39","guid":{"rendered":"https:\/\/testing.waikenilw.com\/?page_id=1463"},"modified":"2026-04-27T14:42:57","modified_gmt":"2026-04-27T17:42:57","slug":"imprensa","status":"publish","type":"page","link":"https:\/\/testing.waikenilw.com\/index.php\/pt\/imprensa\/","title":{"rendered":"Imprensa"},"content":{"rendered":"\t\t<div data-elementor-type=\"wp-page\" data-elementor-id=\"1463\" class=\"elementor elementor-1463\" data-elementor-post-type=\"page\">\n\t\t\t\t<div class=\"elementor-element elementor-element-b839eb2 e-flex e-con-boxed e-con e-parent\" data-id=\"b839eb2\" data-element_type=\"container\" data-e-type=\"container\">\n\t\t\t\t\t<div class=\"e-con-inner\">\n\t\t<div class=\"elementor-element elementor-element-815838f e-con-full e-flex e-con e-child\" data-id=\"815838f\" data-element_type=\"container\" data-e-type=\"container\">\n\t\t\t\t<div class=\"elementor-element elementor-element-0eb459a elementor-widget elementor-widget-image\" data-id=\"0eb459a\" data-element_type=\"widget\" data-e-type=\"widget\" data-widget_type=\"image.default\">\n\t\t\t\t\t\t\t\t\t\t\t\t\t\t\t<img decoding=\"async\" width=\"542\" height=\"53\" src=\"https:\/\/testing.waikenilw.com\/wp-content\/uploads\/2026\/04\/IMPRENSA-1.png\" class=\"attachment-large size-large wp-image-1471\" alt=\"\" srcset=\"https:\/\/testing.waikenilw.com\/wp-content\/uploads\/2026\/04\/IMPRENSA-1.png 542w, https:\/\/testing.waikenilw.com\/wp-content\/uploads\/2026\/04\/IMPRENSA-1-300x29.png 300w\" sizes=\"(max-width: 542px) 100vw, 542px\" \/>\t\t\t\t\t\t\t\t\t\t\t\t\t\t\t<\/div>\n\t\t\t\t<div class=\"elementor-element elementor-element-b6da79f elementor-grid-3 elementor-grid-tablet-2 elementor-grid-mobile-1 elementor-widget elementor-widget-loop-grid\" data-id=\"b6da79f\" data-element_type=\"widget\" data-e-type=\"widget\" data-settings=\"{&quot;template_id&quot;:1399,&quot;pagination_type&quot;:&quot;numbers&quot;,&quot;pagination_load_type&quot;:&quot;ajax&quot;,&quot;auto_scroll&quot;:&quot;yes&quot;,&quot;_skin&quot;:&quot;post&quot;,&quot;columns&quot;:&quot;3&quot;,&quot;columns_tablet&quot;:&quot;2&quot;,&quot;columns_mobile&quot;:&quot;1&quot;,&quot;edit_handle_selector&quot;:&quot;[data-elementor-type=\\&quot;loop-item\\&quot;]&quot;,&quot;row_gap&quot;:{&quot;unit&quot;:&quot;px&quot;,&quot;size&quot;:&quot;&quot;,&quot;sizes&quot;:[]},&quot;row_gap_tablet&quot;:{&quot;unit&quot;:&quot;px&quot;,&quot;size&quot;:&quot;&quot;,&quot;sizes&quot;:[]},&quot;row_gap_mobile&quot;:{&quot;unit&quot;:&quot;px&quot;,&quot;size&quot;:&quot;&quot;,&quot;sizes&quot;:[]}}\" data-widget_type=\"loop-grid.post\">\n\t\t\t\t<div class=\"elementor-widget-container\">\n\t\t\t\t\t\t\t<div class=\"elementor-loop-container elementor-grid\" role=\"list\">\n\t\t<style id=\"loop-1399\">.elementor-1399 .elementor-element.elementor-element-d325da5{--display:flex;--border-radius:20px 20px 20px 20px;--padding-top:20px;--padding-bottom:20px;--padding-left:20px;--padding-right:20px;}.elementor-1399 .elementor-element.elementor-element-d325da5:not(.elementor-motion-effects-element-type-background), .elementor-1399 .elementor-element.elementor-element-d325da5 > .elementor-motion-effects-container > .elementor-motion-effects-layer{background-color:#FFFFFF;}.elementor-widget-image .widget-image-caption{color:var( --e-global-color-text );font-family:var( --e-global-typography-text-font-family ), Sans-serif;font-weight:var( --e-global-typography-text-font-weight );}.elementor-1399 .elementor-element.elementor-element-690fe08 img{height:200px;object-fit:cover;object-position:center center;border-radius:20px 20px 20px 20px;}.elementor-1399 .elementor-element.elementor-element-05b48ca{--display:flex;--justify-content:center;--gap:10px 10px;--row-gap:10px;--column-gap:10px;--padding-top:0px;--padding-bottom:0px;--padding-left:0px;--padding-right:0px;}.elementor-widget-heading .elementor-heading-title{font-family:var( --e-global-typography-primary-font-family ), Sans-serif;font-weight:var( --e-global-typography-primary-font-weight );color:var( --e-global-color-primary );}.elementor-1399 .elementor-element.elementor-element-8d0ef32{text-align:center;}.elementor-1399 .elementor-element.elementor-element-8d0ef32 .elementor-heading-title{font-family:\"Roboto\", Sans-serif;font-size:20px;font-weight:600;color:#000000;}.elementor-1399 .elementor-element.elementor-element-8d0ef32 .elementor-heading-title a:hover, .elementor-1399 .elementor-element.elementor-element-8d0ef32 .elementor-heading-title a:focus{color:#000000;}.elementor-1399 .elementor-element.elementor-element-b40d98e{text-align:center;}.elementor-1399 .elementor-element.elementor-element-b40d98e .elementor-heading-title{font-family:\"Roboto\", Sans-serif;font-size:16px;font-weight:300;color:#000000;}.elementor-1399 .elementor-element.elementor-element-c4f3637 img{width:43px;}@media(max-width:767px){.elementor-1399 .elementor-element.elementor-element-d325da5{--padding-top:10px;--padding-bottom:10px;--padding-left:10px;--padding-right:10px;}}<\/style>\t\t<div data-elementor-type=\"loop-item\" data-elementor-id=\"1399\" class=\"elementor elementor-1399 e-loop-item e-loop-item-1393 post-1393 prensa type-prensa status-publish has-post-thumbnail hentry\" data-elementor-post-type=\"elementor_library\" data-custom-edit-handle=\"1\">\n\t\t\t<div class=\"elementor-element elementor-element-d325da5 e-flex e-con-boxed e-con e-parent\" data-id=\"d325da5\" data-element_type=\"container\" data-e-type=\"container\" data-settings=\"{&quot;background_background&quot;:&quot;classic&quot;}\">\n\t\t\t\t\t<div class=\"e-con-inner\">\n\t\t\t\t<div class=\"elementor-element elementor-element-690fe08 elementor-widget elementor-widget-image\" data-id=\"690fe08\" data-element_type=\"widget\" data-e-type=\"widget\" data-widget_type=\"image.default\">\n\t\t\t\t\t\t\t\t\t\t\t\t\t\t\t<img fetchpriority=\"high\" decoding=\"async\" width=\"1024\" height=\"647\" src=\"https:\/\/testing.waikenilw.com\/wp-content\/uploads\/2026\/04\/Foto-SKY-Brasil-1024x647-1.jpg\" class=\"attachment-large size-large wp-image-1390\" alt=\"\" srcset=\"https:\/\/testing.waikenilw.com\/wp-content\/uploads\/2026\/04\/Foto-SKY-Brasil-1024x647-1.jpg 1024w, https:\/\/testing.waikenilw.com\/wp-content\/uploads\/2026\/04\/Foto-SKY-Brasil-1024x647-1-300x190.jpg 300w, https:\/\/testing.waikenilw.com\/wp-content\/uploads\/2026\/04\/Foto-SKY-Brasil-1024x647-1-768x485.jpg 768w\" sizes=\"(max-width: 1024px) 100vw, 1024px\" \/>\t\t\t\t\t\t\t\t\t\t\t\t\t\t\t<\/div>\n\t\t<div class=\"elementor-element elementor-element-05b48ca e-con-full e-flex e-con e-child\" data-id=\"05b48ca\" data-element_type=\"container\" data-e-type=\"container\">\n\t\t\t\t<div class=\"elementor-element elementor-element-8d0ef32 elementor-widget elementor-widget-heading\" data-id=\"8d0ef32\" data-element_type=\"widget\" data-e-type=\"widget\" data-widget_type=\"heading.default\">\n\t\t\t\t\t<h3 class=\"elementor-heading-title elementor-size-default\"><a href=\"https:\/\/testing.waikenilw.com\/wp-content\/uploads\/2026\/04\/Waiken-ILW-lanca-SKY-Movel-e-completa-o-triple-play-no-Brasil-com-a-TV-da-SKY-o-streaming-do-SKY-e-a-internet-da-ZAAZ.docx.pdf\" target=\"_blank\">Waiken ILW lan\u00e7a SKY M\u00f3vel e completa o triple play no Brasil com TV por assinatura da SKY, streaming da SKY+ e internet da ZAAZ<\/a><\/h3>\t\t\t\t<\/div>\n\t\t\t\t<div class=\"elementor-element elementor-element-b40d98e elementor-widget elementor-widget-heading\" data-id=\"b40d98e\" data-element_type=\"widget\" data-e-type=\"widget\" data-widget_type=\"heading.default\">\n\t\t\t\t\t<h4 class=\"elementor-heading-title elementor-size-default\">26\/03\/2026<\/h4>\t\t\t\t<\/div>\n\t\t\t\t<div class=\"elementor-element elementor-element-c4f3637 elementor-widget elementor-widget-image\" data-id=\"c4f3637\" data-element_type=\"widget\" data-e-type=\"widget\" data-widget_type=\"image.default\">\n\t\t\t\t\t\t\t\t\t\t\t\t\t\t\t\t<a href=\"https:\/\/testing.waikenilw.com\/wp-content\/uploads\/2026\/04\/Waiken-ILW-lanca-SKY-Movel-e-completa-o-triple-play-no-Brasil-com-a-TV-da-SKY-o-streaming-do-SKY-e-a-internet-da-ZAAZ.docx.pdf\" target=\"_blank\">\n\t\t\t\t\t\t\t<img decoding=\"async\" width=\"86\" height=\"90\" src=\"https:\/\/testing.waikenilw.com\/wp-content\/uploads\/2026\/04\/prensa.png\" class=\"attachment-large size-large wp-image-1405\" alt=\"\" \/>\t\t\t\t\t\t\t\t<\/a>\n\t\t\t\t\t\t\t\t\t\t\t\t\t\t\t<\/div>\n\t\t\t\t<\/div>\n\t\t\t\t\t<\/div>\n\t\t\t\t<\/div>\n\t\t\t\t<\/div>\n\t\t\t\t<div data-elementor-type=\"loop-item\" data-elementor-id=\"1399\" class=\"elementor elementor-1399 e-loop-item e-loop-item-1391 post-1391 prensa type-prensa status-publish has-post-thumbnail hentry\" data-elementor-post-type=\"elementor_library\" data-custom-edit-handle=\"1\">\n\t\t\t<div class=\"elementor-element elementor-element-d325da5 e-flex e-con-boxed e-con e-parent\" data-id=\"d325da5\" data-element_type=\"container\" data-e-type=\"container\" data-settings=\"{&quot;background_background&quot;:&quot;classic&quot;}\">\n\t\t\t\t\t<div class=\"e-con-inner\">\n\t\t\t\t<div class=\"elementor-element elementor-element-690fe08 elementor-widget elementor-widget-image\" data-id=\"690fe08\" data-element_type=\"widget\" data-e-type=\"widget\" data-widget_type=\"image.default\">\n\t\t\t\t\t\t\t\t\t\t\t\t\t\t\t<img fetchpriority=\"high\" decoding=\"async\" width=\"1024\" height=\"647\" src=\"https:\/\/testing.waikenilw.com\/wp-content\/uploads\/2026\/04\/Foto-SKY-Brasil-1024x647-1.jpg\" class=\"attachment-large size-large wp-image-1390\" alt=\"\" srcset=\"https:\/\/testing.waikenilw.com\/wp-content\/uploads\/2026\/04\/Foto-SKY-Brasil-1024x647-1.jpg 1024w, https:\/\/testing.waikenilw.com\/wp-content\/uploads\/2026\/04\/Foto-SKY-Brasil-1024x647-1-300x190.jpg 300w, https:\/\/testing.waikenilw.com\/wp-content\/uploads\/2026\/04\/Foto-SKY-Brasil-1024x647-1-768x485.jpg 768w\" sizes=\"(max-width: 1024px) 100vw, 1024px\" \/>\t\t\t\t\t\t\t\t\t\t\t\t\t\t\t<\/div>\n\t\t<div class=\"elementor-element elementor-element-05b48ca e-con-full e-flex e-con e-child\" data-id=\"05b48ca\" data-element_type=\"container\" data-e-type=\"container\">\n\t\t\t\t<div class=\"elementor-element elementor-element-8d0ef32 elementor-widget elementor-widget-heading\" data-id=\"8d0ef32\" data-element_type=\"widget\" data-e-type=\"widget\" data-widget_type=\"heading.default\">\n\t\t\t\t\t<h3 class=\"elementor-heading-title elementor-size-default\"><a href=\"https:\/\/testing.waikenilw.com\/wp-content\/uploads\/2026\/04\/Waiken-ILW-launches-SKY-Movel-completing-its-triple-play-offering-in-Brazil-with-SKY-TV-SKY-streaming-and-ZAAZ-internet.docx.pdf\" target=\"_blank\">Waiken ILW launches SKY M\u00f3vel, completing its triple-play offering in Brazil with SKY TV, SKY+ streaming, and ZAAZ internet service<\/a><\/h3>\t\t\t\t<\/div>\n\t\t\t\t<div class=\"elementor-element elementor-element-b40d98e elementor-widget elementor-widget-heading\" data-id=\"b40d98e\" data-element_type=\"widget\" data-e-type=\"widget\" data-widget_type=\"heading.default\">\n\t\t\t\t\t<h4 class=\"elementor-heading-title elementor-size-default\">26\/03\/2026<\/h4>\t\t\t\t<\/div>\n\t\t\t\t<div class=\"elementor-element elementor-element-c4f3637 elementor-widget elementor-widget-image\" data-id=\"c4f3637\" data-element_type=\"widget\" data-e-type=\"widget\" data-widget_type=\"image.default\">\n\t\t\t\t\t\t\t\t\t\t\t\t\t\t\t\t<a href=\"https:\/\/testing.waikenilw.com\/wp-content\/uploads\/2026\/04\/Waiken-ILW-launches-SKY-Movel-completing-its-triple-play-offering-in-Brazil-with-SKY-TV-SKY-streaming-and-ZAAZ-internet.docx.pdf\" target=\"_blank\">\n\t\t\t\t\t\t\t<img decoding=\"async\" width=\"86\" height=\"90\" src=\"https:\/\/testing.waikenilw.com\/wp-content\/uploads\/2026\/04\/prensa.png\" class=\"attachment-large size-large wp-image-1405\" alt=\"\" \/>\t\t\t\t\t\t\t\t<\/a>\n\t\t\t\t\t\t\t\t\t\t\t\t\t\t\t<\/div>\n\t\t\t\t<\/div>\n\t\t\t\t\t<\/div>\n\t\t\t\t<\/div>\n\t\t\t\t<\/div>\n\t\t\t\t<div data-elementor-type=\"loop-item\" data-elementor-id=\"1399\" class=\"elementor elementor-1399 e-loop-item e-loop-item-1388 post-1388 prensa type-prensa status-publish has-post-thumbnail hentry\" data-elementor-post-type=\"elementor_library\" data-custom-edit-handle=\"1\">\n\t\t\t<div class=\"elementor-element elementor-element-d325da5 e-flex e-con-boxed e-con e-parent\" data-id=\"d325da5\" data-element_type=\"container\" data-e-type=\"container\" data-settings=\"{&quot;background_background&quot;:&quot;classic&quot;}\">\n\t\t\t\t\t<div class=\"e-con-inner\">\n\t\t\t\t<div class=\"elementor-element elementor-element-690fe08 elementor-widget elementor-widget-image\" data-id=\"690fe08\" data-element_type=\"widget\" data-e-type=\"widget\" data-widget_type=\"image.default\">\n\t\t\t\t\t\t\t\t\t\t\t\t\t\t\t<img fetchpriority=\"high\" decoding=\"async\" width=\"1024\" height=\"647\" src=\"https:\/\/testing.waikenilw.com\/wp-content\/uploads\/2026\/04\/Foto-SKY-Brasil-1024x647-1.jpg\" class=\"attachment-large size-large wp-image-1390\" alt=\"\" srcset=\"https:\/\/testing.waikenilw.com\/wp-content\/uploads\/2026\/04\/Foto-SKY-Brasil-1024x647-1.jpg 1024w, https:\/\/testing.waikenilw.com\/wp-content\/uploads\/2026\/04\/Foto-SKY-Brasil-1024x647-1-300x190.jpg 300w, https:\/\/testing.waikenilw.com\/wp-content\/uploads\/2026\/04\/Foto-SKY-Brasil-1024x647-1-768x485.jpg 768w\" sizes=\"(max-width: 1024px) 100vw, 1024px\" \/>\t\t\t\t\t\t\t\t\t\t\t\t\t\t\t<\/div>\n\t\t<div class=\"elementor-element elementor-element-05b48ca e-con-full e-flex e-con e-child\" data-id=\"05b48ca\" data-element_type=\"container\" data-e-type=\"container\">\n\t\t\t\t<div class=\"elementor-element elementor-element-8d0ef32 elementor-widget elementor-widget-heading\" data-id=\"8d0ef32\" data-element_type=\"widget\" data-e-type=\"widget\" data-widget_type=\"heading.default\">\n\t\t\t\t\t<h3 class=\"elementor-heading-title elementor-size-default\"><a href=\"https:\/\/testing.waikenilw.com\/wp-content\/uploads\/2026\/04\/Waiken-ILW-lanza-SKY-Movel-y-completa-el-triple-play-en-Brasil-con-la-TV-de-SKY-el-streaming-de-SKY-y-la-internet-de-ZAAZ.docx.pdf\" target=\"_blank\">Waiken ILW lanza SKY M\u00f3vil y completa el triple play en Brasil con la TV por suscripci\u00f3n de SKY, el streaming de SKY+ y la internet de ZAAZ<\/a><\/h3>\t\t\t\t<\/div>\n\t\t\t\t<div class=\"elementor-element elementor-element-b40d98e elementor-widget elementor-widget-heading\" data-id=\"b40d98e\" data-element_type=\"widget\" data-e-type=\"widget\" data-widget_type=\"heading.default\">\n\t\t\t\t\t<h4 class=\"elementor-heading-title elementor-size-default\">26\/03\/2026<\/h4>\t\t\t\t<\/div>\n\t\t\t\t<div class=\"elementor-element elementor-element-c4f3637 elementor-widget elementor-widget-image\" data-id=\"c4f3637\" data-element_type=\"widget\" data-e-type=\"widget\" data-widget_type=\"image.default\">\n\t\t\t\t\t\t\t\t\t\t\t\t\t\t\t\t<a href=\"https:\/\/testing.waikenilw.com\/wp-content\/uploads\/2026\/04\/Waiken-ILW-lanza-SKY-Movel-y-completa-el-triple-play-en-Brasil-con-la-TV-de-SKY-el-streaming-de-SKY-y-la-internet-de-ZAAZ.docx.pdf\" target=\"_blank\">\n\t\t\t\t\t\t\t<img decoding=\"async\" width=\"86\" height=\"90\" src=\"https:\/\/testing.waikenilw.com\/wp-content\/uploads\/2026\/04\/prensa.png\" class=\"attachment-large size-large wp-image-1405\" alt=\"\" \/>\t\t\t\t\t\t\t\t<\/a>\n\t\t\t\t\t\t\t\t\t\t\t\t\t\t\t<\/div>\n\t\t\t\t<\/div>\n\t\t\t\t\t<\/div>\n\t\t\t\t<\/div>\n\t\t\t\t<\/div>\n\t\t\t\t<div data-elementor-type=\"loop-item\" data-elementor-id=\"1399\" class=\"elementor elementor-1399 e-loop-item e-loop-item-1422 post-1422 prensa type-prensa status-publish has-post-thumbnail hentry\" data-elementor-post-type=\"elementor_library\" data-custom-edit-handle=\"1\">\n\t\t\t<div class=\"elementor-element elementor-element-d325da5 e-flex e-con-boxed e-con e-parent\" data-id=\"d325da5\" data-element_type=\"container\" data-e-type=\"container\" data-settings=\"{&quot;background_background&quot;:&quot;classic&quot;}\">\n\t\t\t\t\t<div class=\"e-con-inner\">\n\t\t\t\t<div class=\"elementor-element elementor-element-690fe08 elementor-widget elementor-widget-image\" data-id=\"690fe08\" data-element_type=\"widget\" data-e-type=\"widget\" data-widget_type=\"image.default\">\n\t\t\t\t\t\t\t\t\t\t\t\t\t\t\t<img loading=\"lazy\" decoding=\"async\" width=\"1024\" height=\"683\" src=\"https:\/\/testing.waikenilw.com\/wp-content\/uploads\/2026\/04\/Accionistas-del-Grupo-Werthein-1024x683.jpg\" class=\"attachment-large size-large wp-image-1413\" alt=\"\" srcset=\"https:\/\/testing.waikenilw.com\/wp-content\/uploads\/2026\/04\/Accionistas-del-Grupo-Werthein-1024x683.jpg 1024w, https:\/\/testing.waikenilw.com\/wp-content\/uploads\/2026\/04\/Accionistas-del-Grupo-Werthein-300x200.jpg 300w, https:\/\/testing.waikenilw.com\/wp-content\/uploads\/2026\/04\/Accionistas-del-Grupo-Werthein-768x512.jpg 768w, https:\/\/testing.waikenilw.com\/wp-content\/uploads\/2026\/04\/Accionistas-del-Grupo-Werthein-1536x1025.jpg 1536w, https:\/\/testing.waikenilw.com\/wp-content\/uploads\/2026\/04\/Accionistas-del-Grupo-Werthein-2048x1366.jpg 2048w\" sizes=\"(max-width: 1024px) 100vw, 1024px\" \/>\t\t\t\t\t\t\t\t\t\t\t\t\t\t\t<\/div>\n\t\t<div class=\"elementor-element elementor-element-05b48ca e-con-full e-flex e-con e-child\" data-id=\"05b48ca\" data-element_type=\"container\" data-e-type=\"container\">\n\t\t\t\t<div class=\"elementor-element elementor-element-8d0ef32 elementor-widget elementor-widget-heading\" data-id=\"8d0ef32\" data-element_type=\"widget\" data-e-type=\"widget\" data-widget_type=\"heading.default\">\n\t\t\t\t\t<h3 class=\"elementor-heading-title elementor-size-default\"><a href=\"https:\/\/testing.waikenilw.com\/wp-content\/uploads\/2026\/04\/Waiken-ILW-pt.pdf\" target=\"_blank\">Waiken ILW lan\u00e7a sua opera\u00e7\u00e3o regional como technomedia com investimentos superiores a US$ 450 milh\u00f5es para 2026-2031<\/a><\/h3>\t\t\t\t<\/div>\n\t\t\t\t<div class=\"elementor-element elementor-element-b40d98e elementor-widget elementor-widget-heading\" data-id=\"b40d98e\" data-element_type=\"widget\" data-e-type=\"widget\" data-widget_type=\"heading.default\">\n\t\t\t\t\t<h4 class=\"elementor-heading-title elementor-size-default\">24\/11\/2025<\/h4>\t\t\t\t<\/div>\n\t\t\t\t<div class=\"elementor-element elementor-element-c4f3637 elementor-widget elementor-widget-image\" data-id=\"c4f3637\" data-element_type=\"widget\" data-e-type=\"widget\" data-widget_type=\"image.default\">\n\t\t\t\t\t\t\t\t\t\t\t\t\t\t\t\t<a href=\"https:\/\/testing.waikenilw.com\/wp-content\/uploads\/2026\/04\/Waiken-ILW-pt.pdf\" target=\"_blank\">\n\t\t\t\t\t\t\t<img decoding=\"async\" width=\"86\" height=\"90\" src=\"https:\/\/testing.waikenilw.com\/wp-content\/uploads\/2026\/04\/prensa.png\" class=\"attachment-large size-large wp-image-1405\" alt=\"\" \/>\t\t\t\t\t\t\t\t<\/a>\n\t\t\t\t\t\t\t\t\t\t\t\t\t\t\t<\/div>\n\t\t\t\t<\/div>\n\t\t\t\t\t<\/div>\n\t\t\t\t<\/div>\n\t\t\t\t<\/div>\n\t\t\t\t<div data-elementor-type=\"loop-item\" data-elementor-id=\"1399\" class=\"elementor elementor-1399 e-loop-item e-loop-item-1420 post-1420 prensa type-prensa status-publish has-post-thumbnail hentry\" data-elementor-post-type=\"elementor_library\" data-custom-edit-handle=\"1\">\n\t\t\t<div class=\"elementor-element elementor-element-d325da5 e-flex e-con-boxed e-con e-parent\" data-id=\"d325da5\" data-element_type=\"container\" data-e-type=\"container\" data-settings=\"{&quot;background_background&quot;:&quot;classic&quot;}\">\n\t\t\t\t\t<div class=\"e-con-inner\">\n\t\t\t\t<div class=\"elementor-element elementor-element-690fe08 elementor-widget elementor-widget-image\" data-id=\"690fe08\" data-element_type=\"widget\" data-e-type=\"widget\" data-widget_type=\"image.default\">\n\t\t\t\t\t\t\t\t\t\t\t\t\t\t\t<img loading=\"lazy\" decoding=\"async\" width=\"1024\" height=\"683\" src=\"https:\/\/testing.waikenilw.com\/wp-content\/uploads\/2026\/04\/Accionistas-del-Grupo-Werthein-1024x683.jpg\" class=\"attachment-large size-large wp-image-1413\" alt=\"\" srcset=\"https:\/\/testing.waikenilw.com\/wp-content\/uploads\/2026\/04\/Accionistas-del-Grupo-Werthein-1024x683.jpg 1024w, https:\/\/testing.waikenilw.com\/wp-content\/uploads\/2026\/04\/Accionistas-del-Grupo-Werthein-300x200.jpg 300w, https:\/\/testing.waikenilw.com\/wp-content\/uploads\/2026\/04\/Accionistas-del-Grupo-Werthein-768x512.jpg 768w, https:\/\/testing.waikenilw.com\/wp-content\/uploads\/2026\/04\/Accionistas-del-Grupo-Werthein-1536x1025.jpg 1536w, https:\/\/testing.waikenilw.com\/wp-content\/uploads\/2026\/04\/Accionistas-del-Grupo-Werthein-2048x1366.jpg 2048w\" sizes=\"(max-width: 1024px) 100vw, 1024px\" \/>\t\t\t\t\t\t\t\t\t\t\t\t\t\t\t<\/div>\n\t\t<div class=\"elementor-element elementor-element-05b48ca e-con-full e-flex e-con e-child\" data-id=\"05b48ca\" data-element_type=\"container\" data-e-type=\"container\">\n\t\t\t\t<div class=\"elementor-element elementor-element-8d0ef32 elementor-widget elementor-widget-heading\" data-id=\"8d0ef32\" data-element_type=\"widget\" data-e-type=\"widget\" data-widget_type=\"heading.default\">\n\t\t\t\t\t<h3 class=\"elementor-heading-title elementor-size-default\"><a href=\"https:\/\/testing.waikenilw.com\/wp-content\/uploads\/2026\/04\/Waiken-ILW-en.pdf\" target=\"_blank\">Waiken ILW Launches Regional Operations as a Technomedia Company with Investments Exceeding US$450 Million for 2026\u20132031<\/a><\/h3>\t\t\t\t<\/div>\n\t\t\t\t<div class=\"elementor-element elementor-element-b40d98e elementor-widget elementor-widget-heading\" data-id=\"b40d98e\" data-element_type=\"widget\" data-e-type=\"widget\" data-widget_type=\"heading.default\">\n\t\t\t\t\t<h4 class=\"elementor-heading-title elementor-size-default\">24\/11\/2025<\/h4>\t\t\t\t<\/div>\n\t\t\t\t<div class=\"elementor-element elementor-element-c4f3637 elementor-widget elementor-widget-image\" data-id=\"c4f3637\" data-element_type=\"widget\" data-e-type=\"widget\" data-widget_type=\"image.default\">\n\t\t\t\t\t\t\t\t\t\t\t\t\t\t\t\t<a href=\"https:\/\/testing.waikenilw.com\/wp-content\/uploads\/2026\/04\/Waiken-ILW-en.pdf\" target=\"_blank\">\n\t\t\t\t\t\t\t<img decoding=\"async\" width=\"86\" height=\"90\" src=\"https:\/\/testing.waikenilw.com\/wp-content\/uploads\/2026\/04\/prensa.png\" class=\"attachment-large size-large wp-image-1405\" alt=\"\" \/>\t\t\t\t\t\t\t\t<\/a>\n\t\t\t\t\t\t\t\t\t\t\t\t\t\t\t<\/div>\n\t\t\t\t<\/div>\n\t\t\t\t\t<\/div>\n\t\t\t\t<\/div>\n\t\t\t\t<\/div>\n\t\t\t\t<div data-elementor-type=\"loop-item\" data-elementor-id=\"1399\" class=\"elementor elementor-1399 e-loop-item e-loop-item-1412 post-1412 prensa type-prensa status-publish has-post-thumbnail hentry\" data-elementor-post-type=\"elementor_library\" data-custom-edit-handle=\"1\">\n\t\t\t<div class=\"elementor-element elementor-element-d325da5 e-flex e-con-boxed e-con e-parent\" data-id=\"d325da5\" data-element_type=\"container\" data-e-type=\"container\" data-settings=\"{&quot;background_background&quot;:&quot;classic&quot;}\">\n\t\t\t\t\t<div class=\"e-con-inner\">\n\t\t\t\t<div class=\"elementor-element elementor-element-690fe08 elementor-widget elementor-widget-image\" data-id=\"690fe08\" data-element_type=\"widget\" data-e-type=\"widget\" data-widget_type=\"image.default\">\n\t\t\t\t\t\t\t\t\t\t\t\t\t\t\t<img loading=\"lazy\" decoding=\"async\" width=\"1024\" height=\"683\" src=\"https:\/\/testing.waikenilw.com\/wp-content\/uploads\/2026\/04\/Accionistas-del-Grupo-Werthein-1024x683.jpg\" class=\"attachment-large size-large wp-image-1413\" alt=\"\" srcset=\"https:\/\/testing.waikenilw.com\/wp-content\/uploads\/2026\/04\/Accionistas-del-Grupo-Werthein-1024x683.jpg 1024w, https:\/\/testing.waikenilw.com\/wp-content\/uploads\/2026\/04\/Accionistas-del-Grupo-Werthein-300x200.jpg 300w, https:\/\/testing.waikenilw.com\/wp-content\/uploads\/2026\/04\/Accionistas-del-Grupo-Werthein-768x512.jpg 768w, https:\/\/testing.waikenilw.com\/wp-content\/uploads\/2026\/04\/Accionistas-del-Grupo-Werthein-1536x1025.jpg 1536w, https:\/\/testing.waikenilw.com\/wp-content\/uploads\/2026\/04\/Accionistas-del-Grupo-Werthein-2048x1366.jpg 2048w\" sizes=\"(max-width: 1024px) 100vw, 1024px\" \/>\t\t\t\t\t\t\t\t\t\t\t\t\t\t\t<\/div>\n\t\t<div class=\"elementor-element elementor-element-05b48ca e-con-full e-flex e-con e-child\" data-id=\"05b48ca\" data-element_type=\"container\" data-e-type=\"container\">\n\t\t\t\t<div class=\"elementor-element elementor-element-8d0ef32 elementor-widget elementor-widget-heading\" data-id=\"8d0ef32\" data-element_type=\"widget\" data-e-type=\"widget\" data-widget_type=\"heading.default\">\n\t\t\t\t\t<h3 class=\"elementor-heading-title elementor-size-default\"><a href=\"https:\/\/testing.waikenilw.com\/wp-content\/uploads\/2026\/04\/Waiken-ILW-es.pdf\" target=\"_blank\">Waiken ILW lanza su operaci\u00f3n regional como technomedia con inversiones superiores a U$S450 millones para 2026-2031<\/a><\/h3>\t\t\t\t<\/div>\n\t\t\t\t<div class=\"elementor-element elementor-element-b40d98e elementor-widget elementor-widget-heading\" data-id=\"b40d98e\" data-element_type=\"widget\" data-e-type=\"widget\" data-widget_type=\"heading.default\">\n\t\t\t\t\t<h4 class=\"elementor-heading-title elementor-size-default\">24\/11\/2025<\/h4>\t\t\t\t<\/div>\n\t\t\t\t<div class=\"elementor-element elementor-element-c4f3637 elementor-widget elementor-widget-image\" data-id=\"c4f3637\" data-element_type=\"widget\" data-e-type=\"widget\" data-widget_type=\"image.default\">\n\t\t\t\t\t\t\t\t\t\t\t\t\t\t\t\t<a href=\"https:\/\/testing.waikenilw.com\/wp-content\/uploads\/2026\/04\/Waiken-ILW-es.pdf\" target=\"_blank\">\n\t\t\t\t\t\t\t<img decoding=\"async\" width=\"86\" height=\"90\" src=\"https:\/\/testing.waikenilw.com\/wp-content\/uploads\/2026\/04\/prensa.png\" class=\"attachment-large size-large wp-image-1405\" alt=\"\" \/>\t\t\t\t\t\t\t\t<\/a>\n\t\t\t\t\t\t\t\t\t\t\t\t\t\t\t<\/div>\n\t\t\t\t<\/div>\n\t\t\t\t\t<\/div>\n\t\t\t\t<\/div>\n\t\t\t\t<\/div>\n\t\t\t\t<\/div>\n\t\t\n\t\t\t\t\t\t<\/div>\n\t\t\t\t<\/div>\n\t\t\t\t<\/div>\n\t\t\t\t\t<\/div>\n\t\t\t\t<\/div>\n\t\t\t\t<\/div>\n\t\t","protected":false},"excerpt":{"rendered":"","protected":false},"author":2,"featured_media":0,"parent":0,"menu_order":0,"comment_status":"closed","ping_status":"closed","template":"elementor_header_footer","meta":{"_acf_changed":false,"footnotes":""},"class_list":["post-1463","page","type-page","status-publish","hentry"],"acf":[],"_links":{"self":[{"href":"https:\/\/testing.waikenilw.com\/index.php\/wp-json\/wp\/v2\/pages\/1463","targetHints":{"allow":["GET"]}}],"collection":[{"href":"https:\/\/testing.waikenilw.com\/index.php\/wp-json\/wp\/v2\/pages"}],"about":[{"href":"https:\/\/testing.waikenilw.com\/index.php\/wp-json\/wp\/v2\/types\/page"}],"author":[{"embeddable":true,"href":"https:\/\/testing.waikenilw.com\/index.php\/wp-json\/wp\/v2\/users\/2"}],"replies":[{"embeddable":true,"href":"https:\/\/testing.waikenilw.com\/index.php\/wp-json\/wp\/v2\/comments?post=1463"}],"version-history":[{"count":4,"href":"https:\/\/testing.waikenilw.com\/index.php\/wp-json\/wp\/v2\/pages\/1463\/revisions"}],"predecessor-version":[{"id":1474,"href":"https:\/\/testing.waikenilw.com\/index.php\/wp-json\/wp\/v2\/pages\/1463\/revisions\/1474"}],"wp:attachment":[{"href":"https:\/\/testing.waikenilw.com\/index.php\/wp-json\/wp\/v2\/media?parent=1463"}],"curies":[{"name":"wp","href":"https:\/\/api.w.org\/{rel}","templated":true}]}}