{"id":15,"date":"2025-10-27T18:19:59","date_gmt":"2025-10-27T21:19:59","guid":{"rendered":"http:\/\/10.9.100.52\/?page_id=15"},"modified":"2025-11-25T11:57:14","modified_gmt":"2025-11-25T14:57:14","slug":"streaming-ott","status":"publish","type":"page","link":"https:\/\/testing.waikenilw.com\/index.php\/streaming-ott\/","title":{"rendered":"Streaming OTT"},"content":{"rendered":"<section class=\"ott-scope es-ar\" aria-labelledby=\"ott-title\">\n  <div class=\"ott-banner\" role=\"banner\" aria-label=\"Secci\u00f3n Streaming OTT\">\n    <div class=\"container-fluid container-lg px-5\">\n      <div class=\"ott-banner-title\">\n        <span class=\"ott-badge\" aria-hidden=\"true\">\n          <img loading=\"lazy\" decoding=\"async\" src=\"\/wp-content\/uploads\/2025\/10\/streamingOTT-play.png\" alt=\"Icono de transmisi\u00f3n\" width=\"40\" height=\"40\"\n            loading=\"lazy\">\n        <\/span>\n        <h2 id=\"ott-title\" class=\"ott-title\">Streaming&nbsp;OTT<\/h2>\n      <\/div>\n    <\/div>\n  <\/div>\n  <div class=\"container-fluid container-lg p-0\" data-aos=\"fade-up\">\n    <article class=\"ott-card\" aria-label=\"Plataformas DGO y SKY+\">\n      <div class=\"ott-grid\" style=\"padding: 32px 32px 32px;\">\n        <div class=\"ott-col ott-col--text\" style=\"padding-left: 2rem;\">\n          <div class=\"ott-logos\" aria-label=\"Logos de marcas\">\n            <a href=\"https:\/\/www.directvgo.com\" target=\"_blank\" rel=\"noopener\" title=\"Abrir sitio de DGO\"\n              class=\"ott-logo-link\">\n              <img decoding=\"async\" src=\"\/wp-content\/uploads\/2025\/10\/streamingOTT-DGO.png\" alt=\"Logo DGO\" loading=\"lazy\" width=\"140\"\n                height=\"auto\">\n            <\/a>\n\n            <a href=\"https:\/\/www.skymais.com.br\/home\" target=\"_blank\" rel=\"noopener\" title=\"Abrir sitio de SKY+\"\n              class=\"ott-logo-link\">\n              <img decoding=\"async\" src=\"\/wp-content\/uploads\/2025\/10\/streamingOTT-SKY.png\" alt=\"Logo SKY+\" loading=\"lazy\" width=\"140\"\n                height=\"auto\">\n            <\/a>\n          <\/div>\n\n          <p class=\"ott-text pt-4 text-center text-lg-start\">\n            <b>Plataforma de streaming \u201cdirect to consumer\u201d.<\/b>\n          <\/p>\n\n          <p class=\"ott-text text-center text-lg-start\">\n            Combina lo mejor de la TV local e internacional en vivo, programaci\u00f3n deportiva, noticias y el mundo\n            OnDemand de las pel\u00edculas, series y documentales. DGO est\u00e1 presente en Argentina, Chile, Colombia,\n            Ecuador, Per\u00fa, Uruguay y M\u00e9xico, mientras que SKY+ en Brasil.<\/p>\n\n        <\/div>\n        <div class=\"ott-col ott-col--media\">\n          <div class=\"ott-devices-wrap\">\n            <img decoding=\"async\" class=\"ott-devices\" src=\"\/wp-content\/uploads\/2025\/10\/streamingOTT-internet-1.png\"\n              alt=\"Contenido disponible en TV, laptop, tablet y m\u00f3vil\" loading=\"lazy\">\n          <\/div>\n        <\/div>\n      <\/div>\n      <div class=\"ott-links-outer\">\n        <div class=\"ott-links-bar\" role=\"contentinfo\" aria-label=\"Sitios oficiales\">\n          <img decoding=\"async\" src=\"\/wp-content\/uploads\/2025\/10\/streamingOTT-internet.png\" alt=\"\" aria-hidden=\"true\">\n          <div class=\"ott-links-wrap\">\n            <a class=\"ott-link\" href=\"www.directvgo.com\" target=\"_blank\" rel=\"noopener\"\n              title=\"Abrir sitio de DIRECTV GO\">www.directvgo.com<\/a>\n            <span class=\"ott-sep d-none d-lg-block\" aria-hidden=\"true\">|<\/span>\n            <a class=\"ott-link\" href=\"https:\/\/www.skymais.com.br\/home\" target=\"_blank\" rel=\"noopener\"\n              title=\"Abrir sitio de SKY+\">www.skymais.com.br\/home<\/a>\n          <\/div>\n        <\/div>\n      <\/div>\n    <\/article>\n  <\/div>\n<\/section>","protected":false},"excerpt":{"rendered":"Streaming&nbsp;OTT Plataforma de streaming \u201cdirect to consumer\u201d. Combina lo mejor de la TV local e internacional en vivo, programaci\u00f3n deportiva, noticias y el mundo OnDemand de las pel\u00edculas, series y documentales. DGO est\u00e1 presente en Argentina, Chile, Colombia, Ecuador, Per\u00fa, Uruguay y M\u00e9xico, mientras que SKY+ en Brasil. www.directvgo.com | www.skymais.com.br\/home","protected":false},"author":1,"featured_media":0,"parent":0,"menu_order":0,"comment_status":"closed","ping_status":"closed","template":"","meta":{"_acf_changed":false,"footnotes":""},"class_list":["post-15","page","type-page","status-publish","hentry"],"acf":[],"_links":{"self":[{"href":"https:\/\/testing.waikenilw.com\/index.php\/wp-json\/wp\/v2\/pages\/15","targetHints":{"allow":["GET"]}}],"collection":[{"href":"https:\/\/testing.waikenilw.com\/index.php\/wp-json\/wp\/v2\/pages"}],"about":[{"href":"https:\/\/testing.waikenilw.com\/index.php\/wp-json\/wp\/v2\/types\/page"}],"author":[{"embeddable":true,"href":"https:\/\/testing.waikenilw.com\/index.php\/wp-json\/wp\/v2\/users\/1"}],"replies":[{"embeddable":true,"href":"https:\/\/testing.waikenilw.com\/index.php\/wp-json\/wp\/v2\/comments?post=15"}],"version-history":[{"count":70,"href":"https:\/\/testing.waikenilw.com\/index.php\/wp-json\/wp\/v2\/pages\/15\/revisions"}],"predecessor-version":[{"id":1354,"href":"https:\/\/testing.waikenilw.com\/index.php\/wp-json\/wp\/v2\/pages\/15\/revisions\/1354"}],"wp:attachment":[{"href":"https:\/\/testing.waikenilw.com\/index.php\/wp-json\/wp\/v2\/media?parent=15"}],"curies":[{"name":"wp","href":"https:\/\/api.w.org\/{rel}","templated":true}]}}