{"id":18,"date":"2025-10-27T18:20:15","date_gmt":"2025-10-27T21:20:15","guid":{"rendered":"http:\/\/10.9.100.52\/?page_id=18"},"modified":"2026-04-01T12:18:52","modified_gmt":"2026-04-01T15:18:52","slug":"tecnologia","status":"publish","type":"page","link":"https:\/\/testing.waikenilw.com\/index.php\/tecnologia\/","title":{"rendered":"Tecnolog\u00eda"},"content":{"rendered":"<section class=\"tv-sat-scope es-ar\" aria-labelledby=\"tv-sat-title\">\n  <div class=\"tv-sat-banner\" role=\"banner\" aria-label=\"Tecnolog\u00eda\">\n    <div class=\"container-fluid container-lg px-5\">\n      <div class=\"tv-sat-banner-title\">\n        <span class=\"tv-sat-badge\" aria-hidden=\"true\">\n          <img loading=\"lazy\" decoding=\"async\" src=\"\/wp-content\/uploads\/2025\/10\/tecnologia-title-icon.svg\" alt=\"Icono del t\u00edtulo\" width=\"40\" height=\"40\"\n            loading=\"lazy\">\n        <\/span>\n        <h2 id=\"tv-sat-title\" class=\"tv-sat-title\">Tecnolog\u00eda<\/h2>\n      <\/div>\n    <\/div>\n  <\/div>\n  <div class=\"tv-sat-card-container container-fluid container-lg overlap-content\">\n    <div class=\"row\">\n      <div class=\"col-lg-6 px-md-0 p-0 px-lg-2\" data-aos=\"fade-up\">\n        <article class=\"tv-sat-card\" aria-label=\"OVERLABS\">\n          <div class=\"row\">\n            <div class=\"col-12 tv-sat-card-logo text-center\">\n              <a href=\"https:\/\/www.overlabs.com\" target=\"_blank\" rel=\"noopener\" title=\"Abrir sitio OVERLABS\"\n                class=\"tv-sat-logo-link d-inline-block\">\n                <img decoding=\"async\" src=\"\/wp-content\/uploads\/2025\/10\/tecnologia-overlabs.svg\" alt=\"OVERLABS\" loading=\"lazy\"\n                  class=\"tv-sat-logo-img\">\n              <\/a>\n            <\/div>\n\n            <div class=\"col-12\">\n              <p class=\"tv-sat-card-description text-center\">\n                OVERLABS es una empresa especializada en consultor\u00eda, servicios y desarrollo de software y aplicaciones\n                de \u00faltima generaci\u00f3n en Brasil, que planea expandirse a Am\u00e9rica Latina. Sus soluciones incluyen tanto\n                consultor\u00eda externa como interna, adapt\u00e1ndose a las necesidades de cada cliente.\n                <br \/>\n                <br \/>\n                Los servicios se enfocan en reducir costos operativos y garantizar la libertad de elecci\u00f3n de\n                herramientas y proveedores. Adem\u00e1s, sus soluciones de c\u00f3digo abierto permiten a los clientes mantener un\n                control total sobre sus sistemas, sin tener que preocuparse por la disponibilidad de recursos\n                adicionales.\n              <\/p>\n            <\/div>\n            <div class=\"col-12\">\n              <div id=\"homeCarousel\" class=\"carousel slide\" data-bs-ride=\"carousel\" data-bs-pause=\"false\">\n                <div class=\"carousel-inner\">\n                  <!-- Slide 1 - Imagen -->\n                  <div class=\"carousel-item active\">\n                    <div class=\"d-flex justify-content-center align-items-center\">\n                      <img decoding=\"async\" class=\"tv-sat-devices\" src=\"\/wp-content\/uploads\/2025\/10\/tecnologia-overlabs-1.jpg\"\n                        alt=\"Contenido disponible en TV, laptop, tablet y m\u00f3vil\" loading=\"lazy\">\n                    <\/div>\n                  <\/div>\n                <\/div>\n              <\/div>\n            <\/div>\n            <div class=\"col-12\">\n              <div class=\"tv-sat-links-outer\">\n                <div class=\"tv-sat-links-bar\" role=\"contentinfo\" aria-label=\"Sitios oficiales\">\n                  <img decoding=\"async\" src=\"\/wp-content\/uploads\/2025\/10\/streamingOTT-internet.png\" alt=\"\" aria-hidden=\"true\">\n                  <div class=\"tv-sat-links-wrap\">\n                    <a class=\"tv-sat-link\" href=\"https:\/\/www.overlabs.com\" target=\"_blank\" rel=\"noopener\"\n                      title=\"Abrir sitio OVERLABS\">www.overlabs.com<\/a>\n                  <\/div>\n                <\/div>\n              <\/div>\n            <\/div>\n          <\/div>\n        <\/article>\n      <\/div>\n      <div class=\"col-lg-6 px-md-0 p-0 px-lg-2\" data-aos=\"fade-up\">\n        <article class=\"tv-sat-card\" aria-label=\"ILLUMIA\">\n          <div class=\"row\">\n            <div class=\"col-12 tv-sat-card-logo text-center\">\n              <a href=\"https:\/\/www.illumiagroup.ai\" target=\"_blank\" rel=\"noopener\" title=\"Abrir sitio ILLUMIA\"\n                class=\"tv-sat-logo-link d-inline-block\">\n                <img decoding=\"async\" src=\"\/wp-content\/uploads\/2025\/10\/tecnologia-illumia.svg\" alt=\"ILLUMIA\" loading=\"lazy\"\n                  class=\"tv-sat-logo-img\">\n              <\/a>\n            <\/div>\n\n            <div class=\"col-12\">\n              <p class=\"tv-sat-card-description text-center\">\n                Naci\u00f3 como respuesta a la disrupci\u00f3n que genera en los negocios, la digitalizaci\u00f3n, la inteligencia\n                artificial generativa y las nuevas tecnolog\u00edas en un contexto donde los clientes esperan una mayor\n                personalizaci\u00f3n y empat\u00eda de sus proveedores de bienes y servicios.\n                <br \/>\n                <br \/>\n                Brindamos servicios de Outsourcing transformacional orientados a procesos de Customer Experience end to\n                end basado en el uso intensivo de soluciones digitales y GenIA (Generative AI) combinando tecnolog\u00edas\n                avanzadas que personalicen la experiencia del cliente y optimicen los costos de las empresas.\n              <\/p>\n            <\/div>\n            <div class=\"col-12\">\n              <div id=\"homeCarousel\" class=\"carousel slide\" data-bs-ride=\"carousel\" data-bs-pause=\"false\">\n                <div class=\"carousel-inner\">\n                  <!-- Slide 1 - Imagen -->\n                  <div class=\"carousel-item active\">\n                    <div class=\"d-flex justify-content-center align-items-center\">\n                      <img decoding=\"async\" class=\"tv-sat-devices\" src=\"\/wp-content\/uploads\/2025\/10\/tecnologia-illumia-es.png\"\n                        alt=\"Contenido disponible en TV, laptop, tablet y m\u00f3vil\" loading=\"lazy\">\n                    <\/div>\n                  <\/div>\n                <\/div>\n              <\/div>\n            <\/div>\n            <div class=\"col-12\">\n              <div class=\"tv-sat-links-outer\">\n                <div class=\"tv-sat-links-bar\" role=\"contentinfo\" aria-label=\"Sitios oficiales\">\n                  <img decoding=\"async\" src=\"\/wp-content\/uploads\/2025\/10\/streamingOTT-internet.png\" alt=\"\" aria-hidden=\"true\">\n                  <div class=\"tv-sat-links-wrap\">\n                    <a class=\"tv-sat-link\" href=\"https:\/\/www.illumiagroup.ai\" target=\"_blank\" rel=\"noopener\"\n                      title=\"Abrir sitio ILLUMIA\">www.illumiagroup.ai<\/a>\n                  <\/div>\n                <\/div>\n              <\/div>\n            <\/div>\n          <\/div>\n        <\/article>\n      <\/div>\n    <\/div>\n  <\/div>\n<\/section>","protected":false},"excerpt":{"rendered":"Tecnolog\u00eda OVERLABS es una empresa especializada en consultor\u00eda, servicios y desarrollo de software y aplicaciones de \u00faltima generaci\u00f3n en Brasil, que planea expandirse a Am\u00e9rica Latina. Sus soluciones incluyen tanto consultor\u00eda externa como interna, adapt\u00e1ndose a las necesidades de cada cliente. Los servicios se enfocan en reducir costos operativos y garantizar la libertad de elecci\u00f3n [&hellip;]","protected":false},"author":1,"featured_media":0,"parent":0,"menu_order":0,"comment_status":"closed","ping_status":"closed","template":"","meta":{"_acf_changed":false,"footnotes":""},"class_list":["post-18","page","type-page","status-publish","hentry"],"acf":[],"_links":{"self":[{"href":"https:\/\/testing.waikenilw.com\/index.php\/wp-json\/wp\/v2\/pages\/18","targetHints":{"allow":["GET"]}}],"collection":[{"href":"https:\/\/testing.waikenilw.com\/index.php\/wp-json\/wp\/v2\/pages"}],"about":[{"href":"https:\/\/testing.waikenilw.com\/index.php\/wp-json\/wp\/v2\/types\/page"}],"author":[{"embeddable":true,"href":"https:\/\/testing.waikenilw.com\/index.php\/wp-json\/wp\/v2\/users\/1"}],"replies":[{"embeddable":true,"href":"https:\/\/testing.waikenilw.com\/index.php\/wp-json\/wp\/v2\/comments?post=18"}],"version-history":[{"count":36,"href":"https:\/\/testing.waikenilw.com\/index.php\/wp-json\/wp\/v2\/pages\/18\/revisions"}],"predecessor-version":[{"id":1337,"href":"https:\/\/testing.waikenilw.com\/index.php\/wp-json\/wp\/v2\/pages\/18\/revisions\/1337"}],"wp:attachment":[{"href":"https:\/\/testing.waikenilw.com\/index.php\/wp-json\/wp\/v2\/media?parent=18"}],"curies":[{"name":"wp","href":"https:\/\/api.w.org\/{rel}","templated":true}]}}