{"id":20,"date":"2025-10-27T18:20:25","date_gmt":"2025-10-27T21:20:25","guid":{"rendered":"http:\/\/10.9.100.52\/?page_id=20"},"modified":"2025-10-31T20:47:15","modified_gmt":"2025-10-31T23:47:15","slug":"tv-paga-satelital","status":"publish","type":"page","link":"https:\/\/testing.waikenilw.com\/index.php\/tv-paga-satelital\/","title":{"rendered":"TV Paga Satelital"},"content":{"rendered":"<section class=\"tv-sat-scope es-ar\" aria-labelledby=\"tv-sat-title\">\n  <div class=\"tv-sat-banner\" role=\"banner\" aria-label=\"TV Paga Satelital\">\n    <div class=\"container-fluid container-lg px-5\">\n      <div class=\"tv-sat-banner-title\">\n        <span class=\"tv-sat-badge\" aria-hidden=\"true\">\n          <img decoding=\"async\" src=\"\/wp-content\/uploads\/2025\/10\/tv-paga-satelital-title-icon.svg\" alt=\"Icono del t\u00edtulo\" width=\"40\"\n            height=\"40\">\n        <\/span>\n        <h2 id=\"tv-sat-title\" class=\"tv-sat-title\">TV Paga Satelital<\/h2>\n      <\/div>\n    <\/div>\n  <\/div>\n  <div class=\"container-fluid container-lg tv-sat-vrio-container\" data-aos=\"fade-dow\">\n    <div class=\"row\">\n      <div class=\"col-12 text-center\"><img decoding=\"async\" src=\"\/wp-content\/uploads\/2025\/10\/tv-paga-satelital-vrio.png\" alt=\"\"><\/div>\n    <\/div>\n    <div class=\"row\">\n      <div class=\"col-12 text-center d-flex justify-content-center pt-3\">\n        <p class=\"tv-sat-vrio-description text-center\">Vrio es el proveedor l\u00edder de entretenimiento en Sudam\u00e9rica y el Caribe. A\n          trav\u00e9s del sistema satelital de TV paga, provee la mejor calidad en imagen y sonido a toda la regi\u00f3n.<\/p>\n      <\/div>\n    <\/div>\n  <\/div>\n  <div class=\"tv-sat-card-container container-fluid container-lg\">\n    <div class=\"row\">\n      <div class=\"col-lg-6 px-md-0 p-0 px-lg-2\" data-aos=\"fade-up\">\n        <article class=\"tv-sat-card\" aria-label=\"Plataformas DIRECTV y SKY\">\n          <div class=\"row\">\n            <div class=\"col-12 tv-sat-card-logo\">\n              <a href=\"https:\/\/www.directvla.com\" target=\"_blank\">\n                <img decoding=\"async\" src=\"\/wp-content\/uploads\/2025\/10\/tv-paga-satelital-directv.svg\" alt=\"DIRECTV\">\n              <\/a>\n            <\/div>\n            <div class=\"col-12\">\n              <p class=\"tv-sat-card-description text-center\">\n                <b>Provee la m\u00e1s amplia experiencia de entretenimiento e informaci\u00f3n<\/b> en Argentina, Chile, Colombia,\n                Ecuador, Per\u00fa, Uruguay y el Caribe.\n              <\/p>\n            <\/div>\n            <div class=\"col-12\">\n              <div id=\"homeCarousel\" class=\"carousel slide\" data-bs-ride=\"carousel\" data-bs-pause=\"false\">\n                <div class=\"carousel-inner\">\n                  <!-- Slide 1 - Imagen -->\n                  <div class=\"carousel-item active\">\n                    <div class=\"d-flex justify-content-center align-items-center\">\n                      <img decoding=\"async\" class=\"tv-sat-devices\"\n                        src=\"\/wp-content\/uploads\/2025\/10\/tv-paga-satelital-directv-slide-1.jpg\"\n                        alt=\"Contenido disponible en TV, laptop, tablet y m\u00f3vil\">\n                    <\/div>\n                  <\/div>\n                  <!-- Slide 2 - Solo texto -->\n                  <div class=\"carousel-item\">\n                    <div class=\"d-flex justify-content-center align-items-center\">\n                      <img decoding=\"async\" class=\"tv-sat-devices\"\n                        src=\"\/wp-content\/uploads\/2025\/10\/tv-paga-satelital-directv-slide-2.jpg\"\n                        alt=\"Contenido disponible en TV, laptop, tablet y m\u00f3vil\">\n                    <\/div>\n                  <\/div>\n                  <!-- Slide 3 - Solo texto -->\n                  <div class=\"carousel-item\">\n                    <div class=\"d-flex justify-content-center align-items-center\">\n                      <img decoding=\"async\" class=\"tv-sat-devices\"\n                        src=\"\/wp-content\/uploads\/2025\/10\/tv-paga-satelital-directv-slide-3.jpg\"\n                        alt=\"Contenido disponible en TV, laptop, tablet y m\u00f3vil\">\n                    <\/div>\n                  <\/div>\n                <\/div>\n              <\/div>\n            <\/div>\n            <div class=\"col-12\">\n              <div class=\"tv-sat-links-outer\">\n                <div class=\"tv-sat-links-bar\" role=\"contentinfo\" aria-label=\"Sitios oficiales\">\n                  <img decoding=\"async\" src=\"\/wp-content\/uploads\/2025\/10\/streamingOTT-internet.png\" alt=\"\" aria-hidden=\"true\">\n                  <div class=\"tv-sat-links-wrap\">\n                    <a class=\"tv-sat-link\" href=\"https:\/\/www.directvla.com\" target=\"_blank\" rel=\"noopener\"\n                      title=\"Abrir sitio de DIRECTV\">www.directvla.com<\/a>\n                  <\/div>\n                <\/div>\n              <\/div>\n            <\/div>\n          <\/div>\n        <\/article>\n      <\/div>\n      <div class=\"col-lg-6 px-md-0 p-0 px-lg-2\" data-aos=\"fade-up\">\n        <article class=\"tv-sat-card\" aria-label=\"Plataformas DIRECTV y SKY\">\n          <div class=\"row\">\n            <div class=\"col-12 tv-sat-card-logo\">\n              <a href=\"https:\/\/www.sky.com.br\" target=\"_blank\">\n                <img decoding=\"async\" src=\"\/wp-content\/uploads\/2025\/10\/tv-paga-satelital-sky.svg\" alt=\"SKY\">\n              <\/a>\n            <\/div>\n            <div class=\"col-12\">\n              <p class=\"tv-sat-card-description text-center\">\n                Con una gran variedad y oferta de contenidos, es la <b>mayor compa\u00f1\u00eda de TV Paga satelital de\n                  Brasil.<\/b>\n              <\/p>\n            <\/div>\n            <div class=\"col-12\">\n              <div id=\"homeCarousel\" class=\"carousel slide\" data-bs-ride=\"carousel\" data-bs-pause=\"false\">\n                <div class=\"carousel-inner\">\n                  <!-- Slide 1 - Imagen -->\n                  <div class=\"carousel-item active\">\n                    <div class=\"d-flex justify-content-center align-items-center\">\n                      <img decoding=\"async\" class=\"tv-sat-devices\" src=\"\/wp-content\/uploads\/2025\/10\/tv-paga-satelital-sky-slide-1.jpg\"\n                        alt=\"Contenido disponible en TV, laptop, tablet y m\u00f3vil\">\n                    <\/div>\n                  <\/div>\n                  <!-- Slide 2 - Solo texto -->\n                  <div class=\"carousel-item\">\n                    <div class=\"d-flex justify-content-center align-items-center\">\n                      <img decoding=\"async\" class=\"tv-sat-devices\" src=\"\/wp-content\/uploads\/2025\/10\/tv-paga-satelital-sky-slide-2.png\"\n                        alt=\"Contenido disponible en TV, laptop, tablet y m\u00f3vil\">\n                    <\/div>\n                  <\/div>\n                  <!-- Slide 3 - Solo texto -->\n                  <!-- <div class=\"carousel-item\">\n                    <div class=\"d-flex justify-content-center align-items-center\">\n                      <img decoding=\"async\" class=\"tv-sat-devices\" src=\"\/wp-content\/uploads\/2025\/10\/tv-paga-satelital-sky-slide-3.png\"\n                        alt=\"Contenido disponible en TV, laptop, tablet y m\u00f3vil\">\n                    <\/div>\n                  <\/div> -->\n                  <!-- Slide 4 - Solo texto -->\n                  <div class=\"carousel-item\">\n                    <div class=\"d-flex justify-content-center align-items-center\">\n                      <img decoding=\"async\" class=\"tv-sat-devices\" src=\"\/wp-content\/uploads\/2025\/10\/tv-paga-satelital-sky-slide-4.png\"\n                        alt=\"Contenido disponible en TV, laptop, tablet y m\u00f3vil\">\n                    <\/div>\n                  <\/div>\n                <\/div>\n              <\/div>\n            <\/div>\n            <div class=\"col-12\">\n              <div class=\"tv-sat-links-outer\">\n                <div class=\"tv-sat-links-bar\" role=\"contentinfo\" aria-label=\"Sitios oficiales\">\n                  <img decoding=\"async\" src=\"\/wp-content\/uploads\/2025\/10\/streamingOTT-internet.png\" alt=\"\" aria-hidden=\"true\">\n                  <div class=\"tv-sat-links-wrap\">\n                    <a class=\"tv-sat-link\" href=\"https:\/\/www.sky.com.br\" target=\"_blank\" rel=\"noopener\"\n                      title=\"Abrir sitio de SKY\">www.sky.com.br<\/a>\n                  <\/div>\n                <\/div>\n              <\/div>\n            <\/div>\n          <\/div>\n        <\/article>\n      <\/div>\n    <\/div>\n  <\/div>\n<\/section>","protected":false},"excerpt":{"rendered":"TV Paga Satelital Vrio es el proveedor l\u00edder de entretenimiento en Sudam\u00e9rica y el Caribe. A trav\u00e9s del sistema satelital de TV paga, provee la mejor calidad en imagen y sonido a toda la regi\u00f3n. Provee la m\u00e1s amplia experiencia de entretenimiento e informaci\u00f3n en Argentina, Chile, Colombia, Ecuador, Per\u00fa, Uruguay y el Caribe. www.directvla.com [&hellip;]","protected":false},"author":1,"featured_media":0,"parent":0,"menu_order":0,"comment_status":"closed","ping_status":"closed","template":"","meta":{"_acf_changed":false,"footnotes":""},"class_list":["post-20","page","type-page","status-publish","hentry"],"acf":[],"_links":{"self":[{"href":"https:\/\/testing.waikenilw.com\/index.php\/wp-json\/wp\/v2\/pages\/20","targetHints":{"allow":["GET"]}}],"collection":[{"href":"https:\/\/testing.waikenilw.com\/index.php\/wp-json\/wp\/v2\/pages"}],"about":[{"href":"https:\/\/testing.waikenilw.com\/index.php\/wp-json\/wp\/v2\/types\/page"}],"author":[{"embeddable":true,"href":"https:\/\/testing.waikenilw.com\/index.php\/wp-json\/wp\/v2\/users\/1"}],"replies":[{"embeddable":true,"href":"https:\/\/testing.waikenilw.com\/index.php\/wp-json\/wp\/v2\/comments?post=20"}],"version-history":[{"count":50,"href":"https:\/\/testing.waikenilw.com\/index.php\/wp-json\/wp\/v2\/pages\/20\/revisions"}],"predecessor-version":[{"id":1064,"href":"https:\/\/testing.waikenilw.com\/index.php\/wp-json\/wp\/v2\/pages\/20\/revisions\/1064"}],"wp:attachment":[{"href":"https:\/\/testing.waikenilw.com\/index.php\/wp-json\/wp\/v2\/media?parent=20"}],"curies":[{"name":"wp","href":"https:\/\/api.w.org\/{rel}","templated":true}]}}