{"id":916,"date":"2025-10-31T16:34:01","date_gmt":"2025-10-31T19:34:01","guid":{"rendered":"http:\/\/10.9.100.52\/?page_id=916"},"modified":"2025-11-10T14:11:38","modified_gmt":"2025-11-10T17:11:38","slug":"conteudo","status":"publish","type":"page","link":"https:\/\/testing.waikenilw.com\/index.php\/pt\/conteudo\/","title":{"rendered":"Conte\u00fado"},"content":{"rendered":"<section class=\"tv-sat-scope pt-br\" aria-labelledby=\"tv-sat-title\">\n  <div class=\"tv-sat-banner\" role=\"banner\" aria-label=\"Conte\u00fado\">\n    <div class=\"container-fluid container-lg px-5\">\n      <div class=\"tv-sat-banner-title\">\n        <span class=\"tv-sat-badge\" aria-hidden=\"true\">\n          <img loading=\"lazy\" decoding=\"async\" src=\"\/wp-content\/uploads\/2025\/10\/contenido-title-icon.svg\" alt=\"\u00cdcone do t\u00edtulo\" width=\"40\" height=\"40\"\n            loading=\"lazy\">\n        <\/span>\n        <h2 id=\"tv-sat-title\" class=\"tv-sat-title\">Conte\u00fado<\/h2>\n      <\/div>\n    <\/div>\n  <\/div>\n  <div class=\"tv-sat-card-container container-fluid container-lg overlap-content\">\n    <div class=\"row\">\n      <div class=\"col-lg-12 px-md-0 p-0 px-lg-2\">\n        <article class=\"container tv-sat-card\" aria-label=\"Canais\">\n          <div class=\"row\">\n            <div class=\"col-12 tv-sat-card-logo text-center\">\n              <div class=\"logos-wrap\">\n\n                <a href=\"https:\/\/www.torneos.com\/pt\/\" target=\"_blank\" rel=\"noopener\">\n                  <img decoding=\"async\" src=\"\/wp-content\/uploads\/2025\/10\/contenido-torneos-icon.png\" alt=\"Torneios\">\n                <\/a>\n\n                <a href=\"https:\/\/www.directvsports.com\/\" target=\"_blank\" rel=\"noopener\">\n                  <img decoding=\"async\" src=\"\/wp-content\/uploads\/2025\/10\/contenido-dsports-icon.png\" alt=\"D Sports\">\n                <\/a>\n\n                <a href=\"https:\/\/www.dsportsradio.com\/\" target=\"_blank\" rel=\"noopener\">\n                  <img decoding=\"async\" src=\"\/wp-content\/uploads\/2025\/10\/contenido-dsports-radio-icon.png\" alt=\"D Sports Radio\">\n                <\/a>\n\n                <a href=\"https:\/\/www.directvsports.com\/\" target=\"_blank\" rel=\"noopener\">\n                  <img decoding=\"async\" src=\"\/wp-content\/uploads\/2025\/10\/contenido-dsports-fight-icon.png\" alt=\"D Sports Fight\">\n                <\/a>\n\n                <a href=\"https:\/\/www.youtube.com\/@dnewsok\" target=\"_blank\" rel=\"noopener\">\n                  <img decoding=\"async\" src=\"\/wp-content\/uploads\/2025\/10\/contenido-dnews-icon.png\" alt=\"D News\">\n                <\/a>\n\n                <a href=\"https:\/\/directvla.com\" target=\"_blank\" rel=\"noopener\">\n                  <img decoding=\"async\" src=\"\/wp-content\/uploads\/2025\/10\/contenido-dshow-icon.png\" alt=\"D Show\">\n                <\/a>\n\n                <a href=\"https:\/\/directvla.com\" target=\"_blank\" rel=\"noopener\">\n                  <img decoding=\"async\" src=\"\/wp-content\/uploads\/2025\/10\/contenido-ondtv-icon.png\" alt=\"On Directv\">\n                <\/a>\n\n                <a href=\"https:\/\/www.youtube.com\/directvgo\" target=\"_blank\" rel=\"noopener\">\n                  <img decoding=\"async\" src=\"\/wp-content\/uploads\/2025\/10\/contenido-dgostream-icon.png\" alt=\"DGO\">\n                <\/a>\n\n                <a href=\"https:\/\/escuelaplus.com\/\" target=\"_blank\" rel=\"noopener\">\n                  <img decoding=\"async\" src=\"\/wp-content\/uploads\/2025\/10\/contenido-escuela-mas-icon.png\" alt=\"Escuela\">\n                <\/a>\n\n                <a href=\"javascript:void(0);\" rel=\"noopener\">\n                  <img decoding=\"async\" src=\"\/wp-content\/uploads\/2025\/10\/contenido-1190-icon.png\" alt=\"1190 Sports\">\n                <\/a>\n\n                <a href=\"javascript:void(0);\" rel=\"noopener\">\n                  <img decoding=\"async\" src=\"\/wp-content\/uploads\/2025\/10\/contenido-win-mas-icon.png\" alt=\"Win+\">\n                <\/a>\n\n                <a href=\"https:\/\/foggia.company\/\" target=\"_blank\" rel=\"noopener\">\n                  <img decoding=\"async\" src=\"\/wp-content\/uploads\/2025\/10\/contenido-foggia-icon.png\" alt=\"Foggia\">\n                <\/a>\n\n              <\/div>\n            <\/div>\n            <div class=\"col-12 pb-4 pb-lg-0\">\n              <p class=\"tv-sat-card-description text-center\">\n                Temos um vasto ecossistema de canais pr\u00f3prios que levam aos espectadores os melhores esportes, as not\u00edcias mais relevantes da\nAm\u00e9rica Latina, s\u00e9ries e document\u00e1rios, bem como a programa\u00e7\u00e3o\nmais recente em streaming com o DGO Stream.\n              <\/p>\n            <\/div>\n            <div class=\"col-12 col-12 d-none d-lg-block\">\n              <div class=\"tv-sat-links-outer invisible\">\n                <div class=\"tv-sat-links-bar\" role=\"contentinfo\" aria-label=\"Links\">\n                  <img decoding=\"async\" src=\"\/wp-content\/uploads\/2025\/10\/streamingOTT-internet.png\" alt=\"\" aria-hidden=\"true\">\n                  <div class=\"tv-sat-links-wrap\">\n                    <a class=\"tv-sat-link\" href=\"#\" target=\"_blank\" rel=\"noopener\" title=\"Link\">#<\/a>\n                  <\/div>\n                <\/div>\n              <\/div>\n            <\/div>\n          <\/div>\n        <\/article>\n      <\/div>\n      <div class=\"col-lg-12 px-md-0 p-0 px-lg-2\">\n        <article class=\"container tv-sat-card\" aria-label=\"Torneios\">\n          <div class=\"row\">\n            <div class=\"col-12 tv-sat-card-logo text-center\">\n              <img decoding=\"async\" src=\"\/wp-content\/uploads\/2025\/10\/contenido-torneos.svg\" alt=\"Torneios\" loading=\"lazy\"\n                style=\"height: 7rem;\">\n            <\/div>\n            <div class=\"col-12\" style=\"padding-bottom: 3rem;\">\n              <p class=\"tv-sat-card-description text-center\">\n                A Torneos \u00e9 uma empresa l\u00edder com mais de 40 anos de experi\u00eancia na\ngera\u00e7\u00e3o de conte\u00fado esportivo e na cria\u00e7\u00e3o de solu\u00e7\u00f5es valiosas para o\nsetor de esportes e entretenimento. Possui opera\u00e7\u00f5es na Argentina, Brasil,\nCol\u00f4mbia, Equador, Peru e Uruguai.\n              <\/p>\n            <\/div>\n            <div class=\"col-12 tv-sat-production-container\">\n              <div class=\"row\">\n                <div class=\"col-lg-6\">\n                  <img decoding=\"async\" src=\"\/wp-content\/uploads\/2025\/10\/contenido-produccion-icon.svg\" alt=\"\u00cdcone\">\n                  <p>\n                    <b>Produ\u00e7\u00e3o de conte\u00fados<\/b> <br \/>\n                    Uma das maiores produtoras da regi\u00e3o, com o know-how, a capacidade e o talento que comp\u00f5em uma proposta de valor \u00fanica.\nHost Broadcasters das principais federa\u00e7\u00f5es.\n                  <\/p>\n                <\/div>\n                <div class=\"col-lg-6 d-flex justify-content-center justify-content-lg-end\">\n\n                  <div class=\"logos-grid three-columns\">\n\n                    <template id=\"afa-tooltip\">\n                      <h6 class=\"text-center\">AFA<\/h6>\n                      <ul>\n                        <li>Eliminat\u00f3rias.<\/li>\n                        <li>Amistosos.<\/li>\n                        <li>Copa Argentina.<\/li>\n                        <li>Supercopa Argentina y Supercopa Internacional.<\/li>\n                        <li>S\u00e9rie B Argentina<\/li>\n                      <\/ul>\n                    <\/template>\n                    <img decoding=\"async\" class=\"logo-box\" data-bs-toggle=\"tooltip\" data-bs-html=\"true\" data-tooltip-id=\"afa-tooltip\"\n                      src=\"\/wp-content\/uploads\/2025\/10\/contenido-afa-icon.svg\" alt=\"AFA\">\n\n                    <template id=\"conmebol-tooltip\">\n                      <h6 class=\"text-center\">CONMEBOL<\/h6>\n                      <ul>\n                        <li>Copa Am\u00e9rica.<\/li>\n                        <li>Copa Libertadores.<\/li>\n                        <li>Copa Sudamericana.<\/li>\n                        <li>Sub-20 e Sub-17.<\/li>\n                        <li>Copa do mundo de Futsal.<\/li>\n                        <li>Copa do Mundo de Futebol de Praia.<\/li>\n                      <\/ul>\n                    <\/template>\n                    <img decoding=\"async\" class=\"logo-box\" data-bs-toggle=\"tooltip\" data-bs-html=\"true\"\n                      data-tooltip-id=\"conmebol-tooltip\" src=\"\/wp-content\/uploads\/2025\/10\/contenido-conmebol-icon.svg\"\n                      alt=\"CONMEBOL\" \/>\n\n                    <template id=\"lpf-tooltip\">\n                      <h6 class=\"text-center\">LPF<\/h6>\n                      <ul>\n                        <li>Liga Profissional de Futebol.<\/li>\n                      <\/ul>\n                    <\/template>\n                    <img decoding=\"async\" class=\"logo-box\" data-bs-toggle=\"tooltip\" data-bs-html=\"true\" data-tooltip-id=\"lpf-tooltip\"\n                      src=\"\/wp-content\/uploads\/2025\/10\/contenido-lpf-icon.svg\" alt=\"LPF\" \/>\n\n                    <template id=\"fiba-tooltip\">\n                      <h6 class=\"text-center\">FIBA<\/h6>\n                      <ul>\n                        <li>Copa do Mundo.<\/li>\n                        <li>AmeriCup.<\/li>\n                        <li>Eliminat\u00f3rias.<\/li>\n                      <\/ul>\n                    <\/template>\n                    <img decoding=\"async\" class=\"logo-box\" data-bs-toggle=\"tooltip\" data-bs-html=\"true\" data-tooltip-id=\"fiba-tooltip\"\n                      src=\"\/wp-content\/uploads\/2025\/10\/contenido-fiba-icon.svg\" alt=\"FIBA\" \/>\n\n                    <template id=\"auf-tooltip\">\n                      <h6 class=\"text-center\">AUF<\/h6>\n                      <ul>\n                        <li>Eliminatorias.<\/li>\n                      <\/ul>\n                    <\/template>\n                    <img decoding=\"async\" class=\"logo-box\" data-bs-toggle=\"tooltip\" data-bs-html=\"true\" data-tooltip-id=\"auf-tooltip\"\n                      src=\"\/wp-content\/uploads\/2025\/10\/contenido-uaf-icon.svg\" alt=\"AUF\" \/>\n\n                    <template id=\"ecuador-tooltip\">\n                      <h6 class=\"text-center\">ECUADOR<\/h6>\n                      <ul>\n                        <li>Copa Ecuador.<\/li>\n                        <li>Supercopa Ecuador.<\/li>\n                      <\/ul>\n                    <\/template>\n                    <img decoding=\"async\" class=\"logo-box\" data-bs-toggle=\"tooltip\" data-bs-html=\"true\" data-tooltip-id=\"ecuador-tooltip\"\n                      src=\"\/wp-content\/uploads\/2025\/10\/contenido-ecuador-icon.svg\" alt=\"ECUADOR\" \/>\n\n                  <\/div>\n\n\n                <\/div>\n              <\/div>\n            <\/div>\n            <div class=\"col-12 tv-sat-rights-container\">\n              <div class=\"row\">\n                <div class=\"col-lg-6\">\n                  <img decoding=\"async\" src=\"\/wp-content\/uploads\/2025\/10\/contenido-derechos-icon.svg\" alt=\"\u00cdcone\">\n                  <p>\n                    <b>Direitos audiovisuais<\/b> <br \/>\nL\u00edder na comercializa\u00e7\u00e3o de direitos audiovisuais para os eventos esportivos mais importantes, na regi\u00e3o.\n                  <\/p>\n                <\/div>\n                <div class=\"col-lg-6 d-flex justify-content-center justify-content-lg-end\" style=\"align-items: center;\">\n                  <img decoding=\"async\" src=\"\/wp-content\/uploads\/2025\/10\/contenido-derechos-icons.png\" alt=\"\u00cdcones de direitos audiovisuais\"\n                    style=\"width: 100%; height: fit-content;\" \/>\n                <\/div>\n              <\/div>\n            <\/div>\n            <div class=\"col-12\">\n              <div class=\"tv-sat-links-outer invisible\">\n                <div class=\"tv-sat-links-bar\" role=\"contentinfo\" aria-label=\"Links\">\n                  <img decoding=\"async\" src=\"\/wp-content\/uploads\/2025\/10\/streamingOTT-internet.png\" alt=\"\" aria-hidden=\"true\">\n                  <div class=\"tv-sat-links-wrap\">\n                    <a class=\"tv-sat-link\" href=\"#\" target=\"_blank\" rel=\"noopener\" title=\"Link\">#<\/a>\n                  <\/div>\n                <\/div>\n              <\/div>\n            <\/div>\n          <\/div>\n        <\/article>\n      <\/div>\n    <\/div>\n  <\/div>\n<\/section>","protected":false},"excerpt":{"rendered":"Conte\u00fado Temos um vasto ecossistema de canais pr\u00f3prios que levam aos espectadores os melhores esportes, as not\u00edcias mais relevantes da Am\u00e9rica Latina, s\u00e9ries e document\u00e1rios, bem como a programa\u00e7\u00e3o mais recente em streaming com o DGO Stream. # A Torneos \u00e9 uma empresa l\u00edder com mais de 40 anos de experi\u00eancia na gera\u00e7\u00e3o de conte\u00fado [&hellip;]","protected":false},"author":1,"featured_media":0,"parent":0,"menu_order":0,"comment_status":"closed","ping_status":"closed","template":"","meta":{"_acf_changed":false,"footnotes":""},"class_list":["post-916","page","type-page","status-publish","hentry"],"acf":[],"_links":{"self":[{"href":"https:\/\/testing.waikenilw.com\/index.php\/wp-json\/wp\/v2\/pages\/916","targetHints":{"allow":["GET"]}}],"collection":[{"href":"https:\/\/testing.waikenilw.com\/index.php\/wp-json\/wp\/v2\/pages"}],"about":[{"href":"https:\/\/testing.waikenilw.com\/index.php\/wp-json\/wp\/v2\/types\/page"}],"author":[{"embeddable":true,"href":"https:\/\/testing.waikenilw.com\/index.php\/wp-json\/wp\/v2\/users\/1"}],"replies":[{"embeddable":true,"href":"https:\/\/testing.waikenilw.com\/index.php\/wp-json\/wp\/v2\/comments?post=916"}],"version-history":[{"count":9,"href":"https:\/\/testing.waikenilw.com\/index.php\/wp-json\/wp\/v2\/pages\/916\/revisions"}],"predecessor-version":[{"id":1195,"href":"https:\/\/testing.waikenilw.com\/index.php\/wp-json\/wp\/v2\/pages\/916\/revisions\/1195"}],"wp:attachment":[{"href":"https:\/\/testing.waikenilw.com\/index.php\/wp-json\/wp\/v2\/media?parent=916"}],"curies":[{"name":"wp","href":"https:\/\/api.w.org\/{rel}","templated":true}]}}